{"id":29,"date":"2023-03-26T12:48:34","date_gmt":"2023-03-26T10:48:34","guid":{"rendered":"https:\/\/autographie.org\/blog\/hiverdusurf\/?page_id=29"},"modified":"2023-07-02T10:58:05","modified_gmt":"2023-07-02T08:58:05","slug":"29-2","status":"publish","type":"page","link":"https:\/\/autographie.org\/blog\/hiverdusurf\/","title":{"rendered":"Sans titre"},"content":{"rendered":"<p align=\"justify\">L\u2019Hiver Du Surf est un film en cours de rep\u00e9rage, qui aborde les dimensions silencieuses, vivantes et repli\u00e9es du monde du surf. Vous risquez certainement de nous croiser sur les plages froides avec nos cam\u00e9ras et nos planches. Il est probable, si vous allez \u00e0 l\u2019eau, que nous prenions des images de vos vagues. La technique et le niveau ne sont pas nos priorit\u00e9s. Nous sommes davantage en recherche de visions critiques du surf et de mani\u00e8res d\u00e9cal\u00e9es de vivre avec lui. Voil\u00e0 pourquoi nous suivons celles et ceux qui se replient dans les spots abrit\u00e9s des grandes houles hivernales. Nous envisageons cette qu\u00eate de vagues lib\u00e9ratrices comme une forme de d\u00e9sertion du monde du travail ali\u00e9nant. Nous discuterons probablement au d\u00e9tour d\u2019un parking pendant que le vent nous glace les os.\u00a0 Contactez-nous si tout cela vous parle.<\/p>\n<p align=\"justify\">L\u2019Hiver du Surf (The Winter of Surfing) is a film being prepared, which discusses the silent, alive and folded dimensions of the surf world. We might bump into each other on cold beaches, and meet with our cameras and boards. Then if you go to the water, we may take pictures of your waves. Technique and level are not our priorities. We are rather in search of critical views of surfing and offbeat ways of living with it. That\u2019s why we follow those who fall back into the sheltered spots, away from the big winter swells. This search of liberating waves is, in our mind, a way of fleeing the alienation coming from work. We will probably be talking around a parking lot while the wind is chilling our bones. Contact us if you feel connected to this search.<\/p>\n<p><iframe loading=\"lazy\" title=\"L&#039;hiver du surf - extract N\u00b01\" width=\"750\" height=\"422\" src=\"https:\/\/www.youtube.com\/embed\/KpFaQJO2kDQ?feature=oembed\" frameborder=\"0\" allow=\"accelerometer; autoplay; clipboard-write; encrypted-media; gyroscope; picture-in-picture; web-share\" allowfullscreen><\/iframe><\/p>\n","protected":false},"excerpt":{"rendered":"<p>L\u2019Hiver Du Surf est un film en cours de rep\u00e9rage, qui aborde les dimensions silencieuses, vivantes et repli\u00e9es du monde du surf. Vous risquez certainement de nous croiser sur les plages froides avec nos cam\u00e9ras et nos planches. Il est probable, si vous allez \u00e0 l\u2019eau, que nous prenions des images de vos vagues. La&hellip; <a class=\"more-link\" href=\"https:\/\/autographie.org\/blog\/hiverdusurf\/\">Poursuivre la lecture <span class=\"screen-reader-text\">Sans titre<\/span><\/a><\/p>\n","protected":false},"author":2,"featured_media":0,"parent":0,"menu_order":0,"comment_status":"closed","ping_status":"closed","template":"","meta":{"footnotes":""},"class_list":["post-29","page","type-page","status-publish","hentry","entry"],"_links":{"self":[{"href":"https:\/\/autographie.org\/blog\/hiverdusurf\/wp-json\/wp\/v2\/pages\/29","targetHints":{"allow":["GET"]}}],"collection":[{"href":"https:\/\/autographie.org\/blog\/hiverdusurf\/wp-json\/wp\/v2\/pages"}],"about":[{"href":"https:\/\/autographie.org\/blog\/hiverdusurf\/wp-json\/wp\/v2\/types\/page"}],"author":[{"embeddable":true,"href":"https:\/\/autographie.org\/blog\/hiverdusurf\/wp-json\/wp\/v2\/users\/2"}],"replies":[{"embeddable":true,"href":"https:\/\/autographie.org\/blog\/hiverdusurf\/wp-json\/wp\/v2\/comments?post=29"}],"version-history":[{"count":9,"href":"https:\/\/autographie.org\/blog\/hiverdusurf\/wp-json\/wp\/v2\/pages\/29\/revisions"}],"predecessor-version":[{"id":89,"href":"https:\/\/autographie.org\/blog\/hiverdusurf\/wp-json\/wp\/v2\/pages\/29\/revisions\/89"}],"wp:attachment":[{"href":"https:\/\/autographie.org\/blog\/hiverdusurf\/wp-json\/wp\/v2\/media?parent=29"}],"curies":[{"name":"wp","href":"https:\/\/api.w.org\/{rel}","templated":true}]}}