{"id":2,"date":"2022-11-02T13:22:29","date_gmt":"2022-11-02T12:22:29","guid":{"rendered":"https:\/\/autographie.org\/blog\/legenredutravail\/?page_id=2"},"modified":"2023-06-01T16:08:13","modified_gmt":"2023-06-01T14:08:13","slug":"page-d-exemple","status":"publish","type":"page","link":"https:\/\/autographie.org\/blog\/legenredutravail\/page-d-exemple\/","title":{"rendered":"La d\u00e9marche"},"content":{"rendered":"\n<p>Le texte qui suit est une invitation \u00e0 contribuer \u00e0 un journal de recherche collectif. Cette d\u00e9marche s&rsquo;inscrit dans une volont\u00e9 d\u2019ouvrir un espace d&rsquo;expression, de r\u00e9flexion et d&rsquo;interrogation. C&rsquo;est une forme de recherche \u00e0 c\u0153ur ouvert o\u00f9 chacune et chacun pourra alimenter un processus de r\u00e9flexion par ses mots et\/ou des moyens d&rsquo;expression souhait\u00e9s et choisis par et pour soi, par des t\u00e9moignages, des interrogations, des analyses de situations v\u00e9cues, observ\u00e9es, lues, etc. Il n&rsquo;y a pas d&rsquo;objectifs pr\u00e9-\u00e9tablis mais toutefois il existe l\u2019ambition de rendre visible un processus de r\u00e9flexion dont l&rsquo;aboutissement se d\u00e9finira au gr\u00e9 des contributions en souhaitant que chacun-e s&rsquo;octroient le pouvoir d\u00e9noncer sa voie-x sereinement.<\/p>\n\n\n\n<p><strong>Le genre du travail<\/strong><\/p>\n\n\n\n<p>S&rsquo;interroger sur le travail, le rapport au travail, l&rsquo;organisation du travail est au c\u0153ur des pr\u00e9occupations actuelles. La r\u00e9flexion s&rsquo;articule autour d&rsquo;une volont\u00e9 de saisir les m\u00e9canismes qui structurent un syst\u00e8me de domination, d&rsquo;exploitation, d&rsquo;oppression pour pouvoir les transformer voire les renverser.<\/p>\n\n\n\n<p>Dans les espaces collectifs, de production, d&rsquo;\u00e9change de savoirs&nbsp;; dans les initiatives politiques, militantes&nbsp;; dans les associations, les organismes de formation, etc., tous ces espaces o\u00f9 l&rsquo;activit\u00e9 collective est pr\u00e9gnante, o\u00f9 s&rsquo;engage un travail de r\u00e9flexion, d&rsquo;interrogation et de critique, o\u00f9 les logiques organisationnelles peuvent \u00eatre exp\u00e9riment\u00e9es, interrog\u00e9es, voir \u00eatre totalement fig\u00e9es&nbsp;; en r\u00e9sum\u00e9 tous ces espaces ambitieux de r\u00e9flexion et d&rsquo;exp\u00e9rimentation du social, alors, questionner nos rapports au travail du niveau le plus inter\/intra-personnel au niveau le plus globalis\u00e9 peut nourrir une volont\u00e9 collective d&rsquo;\u00e9mancipation.<\/p>\n\n\n\n<p>Le parti pris est d&rsquo;envisager nos espaces, collectifs, associations comme des syst\u00e8mes organis\u00e9s au sens sociologique du terme. Si dans certains cas il s&rsquo;agit de syst\u00e8mes structur\u00e9s autour de r\u00e8gles formalis\u00e9es et qu&rsquo;il est donc simple d&rsquo;en saisir l&rsquo;aspect \u00ab&nbsp;organis\u00e9&nbsp;\u00bb, certains espaces que nous cr\u00e9ons et investissons peuvent appara\u00eetre et \u00eatre revendiqu\u00e9s \u00e0 travers une absence de formalisation. Pour autant chacun et chacune \u00e9labore des strat\u00e9gies d&rsquo;agir en fonction des fonctionnements, normes et valeurs de l&rsquo;espace investi. Il s&rsquo;agirait donc de s&rsquo;attacher \u00e0 envisager nos espaces autour d&rsquo;une certaine rationalit\u00e9 (des r\u00e8gles, normes, valeurs plus ou moins formalis\u00e9es structurent un mod\u00e8le d\u2019organisation de nos espaces, ces r\u00e8gles se doivent de faire sens commun et d&rsquo;\u00eatre plus ou moins partag\u00e9es, elles sont donc aussi transmises, reproduites, d\u00e9fendues et parfois contest\u00e9es).<\/p>\n\n\n\n<p>Toutefois le projet est d&rsquo;introduire une grille de lecture particuli\u00e8re, celle du genre. Le genre est un rapport social particulier par lequel les rapports sociaux au sein d&rsquo;un espace particulier peuvent \u00eatre \u00e9clair\u00e9s. Il ne s&rsquo;agit pas d&rsquo;une variable socio-d\u00e9mographique ou une cat\u00e9gorie descriptive comme le \u00ab&nbsp;sexe&nbsp;\u00bb, le genre rel\u00e8ve d&rsquo;un m\u00e9canisme inh\u00e9rent au fonctionnement social global, il permet de rendre compte d\u2019exp\u00e9riences, de rendre visible ce qui de prime abord serait qualifi\u00e9 \u00ab&nbsp;d&rsquo;\u00e9vidence&nbsp;\u00bb, \u00ab&nbsp;d&rsquo;allant de soi&nbsp;\u00bb, \u00ab&nbsp;de naturel&nbsp;\u00bb. Le prisme du genre fait \u00e9galement ressortir cet imperceptible, ces situations et mani\u00e8res d&rsquo;agir qui sont trop souvent et trop rapidement qualifi\u00e9es de \u00ab&nbsp;subjectives&nbsp;\u00bb, qui ne pourraient pas \u00eatre objectivables car trop \u00ab&nbsp;inter ou intra personnelles&nbsp;\u00bb. Il s&rsquo;agirait donc d&rsquo;envisager les \u00ab&nbsp;sens pratique&nbsp;\u00bb int\u00e9rioris\u00e9s de deux groupes sociaux (les hommes et les femmes) mais \u00e9galement d&rsquo;appr\u00e9hender ce que les gens en font et en d\u00e9font concr\u00e8tement.<\/p>\n\n\n\n<p>Ici, l&rsquo;id\u00e9e est donc de proposer une orientation de l&rsquo;interrogation autour de ce qui fait nos rapports au travail sous le prisme du genre. A savoir, comment pensons-nous, cr\u00e9ons-nous et vivons-nous les logiques et les m\u00e9canismes de nos organisations \u00e0 travers nos rapports sociaux de sexe&nbsp;?<\/p>\n\n\n\n<p>Comment nos rapports sociaux de sexe structurent, influencent notre organisation du travail&nbsp;? Comment nos mani\u00e8res d&rsquo;\u00eatre et d&rsquo;agir rendent visible ou invisibilisent des rapports sociaux de sexe&nbsp;?<\/p>\n\n\n\n<p>Comment les rapports sociaux de sexe dans nos organisations produisent, reproduisent ou d\u00e9construisent des rapports in\u00e9galitaires, de pouvoir et de domination&nbsp;?<\/p>\n\n\n\n<p>Et enfin, comment nous nous vivons, nous nous impliquons dans nos organisations sous le prisme du genre&nbsp;?<\/p>\n\n\n\n<p>Pistes&nbsp;:<\/p>\n\n\n\n<p>1. Comment divisons-nous le travail collectif? Qui fait quoi et pourquoi?<\/p>\n\n\n\n<p>2. Pourquoi les hommes aiment \u00e9crire et parler en public&nbsp;? Rapport \u00e0 soi, au savoir savant, au privil\u00e8ge<\/p>\n\n\n\n<p>3. Il faut organiser, planifier et anticiper? Capital domestique, organisation du travail et savoir profane<\/p>\n\n\n\n<p>4. Pourquoi la bienveillance et l&rsquo;attention \u00e0 l&rsquo;autre se fond dans le d\u00e9cor? Genre et rapport \u00e0 l&rsquo;autre<\/p>\n\n\n\n<p>5. Ne plus avoir de temps pour soi et \u00eatre disponible en permanence\u2026: structure temporelle et disponibilit\u00e9 permanente<\/p>\n\n\n\n<p>6. Ce n&rsquo;est pas mon intention alors \u00e7a n\u2019existe pas? Intention, violence, consentement et domination<\/p>\n","protected":false},"excerpt":{"rendered":"<p>Le texte qui suit est une invitation \u00e0 contribuer \u00e0 un journal de recherche collectif. Cette d\u00e9marche s&rsquo;inscrit dans une volont\u00e9 d\u2019ouvrir un espace d&rsquo;expression, de r\u00e9flexion et d&rsquo;interrogation. C&rsquo;est une forme de recherche \u00e0 c\u0153ur ouvert o\u00f9 chacune et chacun pourra alimenter un processus de r\u00e9flexion par ses mots et\/ou des moyens d&rsquo;expression souhait\u00e9s [&hellip;]<\/p>\n","protected":false},"author":6,"featured_media":0,"parent":0,"menu_order":1,"comment_status":"closed","ping_status":"open","template":"","meta":{"footnotes":""},"class_list":["post-2","page","type-page","status-publish","hentry"],"_links":{"self":[{"href":"https:\/\/autographie.org\/blog\/legenredutravail\/wp-json\/wp\/v2\/pages\/2","targetHints":{"allow":["GET"]}}],"collection":[{"href":"https:\/\/autographie.org\/blog\/legenredutravail\/wp-json\/wp\/v2\/pages"}],"about":[{"href":"https:\/\/autographie.org\/blog\/legenredutravail\/wp-json\/wp\/v2\/types\/page"}],"author":[{"embeddable":true,"href":"https:\/\/autographie.org\/blog\/legenredutravail\/wp-json\/wp\/v2\/users\/6"}],"replies":[{"embeddable":true,"href":"https:\/\/autographie.org\/blog\/legenredutravail\/wp-json\/wp\/v2\/comments?post=2"}],"version-history":[{"count":1,"href":"https:\/\/autographie.org\/blog\/legenredutravail\/wp-json\/wp\/v2\/pages\/2\/revisions"}],"predecessor-version":[{"id":53,"href":"https:\/\/autographie.org\/blog\/legenredutravail\/wp-json\/wp\/v2\/pages\/2\/revisions\/53"}],"wp:attachment":[{"href":"https:\/\/autographie.org\/blog\/legenredutravail\/wp-json\/wp\/v2\/media?parent=2"}],"curies":[{"name":"wp","href":"https:\/\/api.w.org\/{rel}","templated":true}]}}